{"id":63,"date":"2020-08-30T16:09:58","date_gmt":"2020-08-30T14:09:58","guid":{"rendered":"http:\/\/www.gracecommunication.es\/?page_id=63"},"modified":"2025-10-09T14:06:50","modified_gmt":"2025-10-09T12:06:50","slug":"contact","status":"publish","type":"page","link":"https:\/\/www.gracecommunication.es\/es\/contact\/","title":{"rendered":"Contacto"},"content":{"rendered":"<div data-elementor-type=\"wp-page\" data-elementor-id=\"63\" class=\"elementor elementor-63\">\n\t\t\t\t\t\t<section class=\"elementor-section elementor-top-section elementor-element elementor-element-669fdae elementor-section-boxed elementor-section-height-default elementor-section-height-default\" data-id=\"669fdae\" data-element_type=\"section\">\n\t\t\t\t\t\t<div class=\"elementor-container elementor-column-gap-default\">\n\t\t\t\t\t<div class=\"elementor-column elementor-col-100 elementor-top-column elementor-element elementor-element-7f55ba7\" data-id=\"7f55ba7\" data-element_type=\"column\">\n\t\t\t<div class=\"elementor-widget-wrap elementor-element-populated\">\n\t\t\t\t\t\t<div class=\"elementor-element elementor-element-ab667fd elementor-widget elementor-widget-text-editor\" data-id=\"ab667fd\" data-element_type=\"widget\" data-widget_type=\"text-editor.default\">\n\t\t\t\t<div class=\"elementor-widget-container\">\n\t\t\t\t\t\t\t\t\t<p>Si desea m\u00e1s informaci\u00f3n sobre mis servicios de ense\u00f1anza y traducci\u00f3n, rellene el formulario.<\/p>\t\t\t\t\t\t\t\t<\/div>\n\t\t\t\t<\/div>\n\t\t\t\t\t<\/div>\n\t\t<\/div>\n\t\t\t\t\t<\/div>\n\t\t<\/section>\n\t\t\t\t<section class=\"elementor-section elementor-top-section elementor-element elementor-element-839433a elementor-section-boxed elementor-section-height-default elementor-section-height-default\" data-id=\"839433a\" data-element_type=\"section\" id=\"form\" data-settings=\"{&quot;background_background&quot;:&quot;classic&quot;}\">\n\t\t\t\t\t\t<div class=\"elementor-container elementor-column-gap-default\">\n\t\t\t\t\t<div class=\"elementor-column elementor-col-100 elementor-top-column elementor-element elementor-element-4103103\" data-id=\"4103103\" data-element_type=\"column\">\n\t\t\t<div class=\"elementor-widget-wrap elementor-element-populated\">\n\t\t\t\t\t\t<div class=\"elementor-element elementor-element-dca43fe elementor-widget__width-initial elementor-widget elementor-widget-wpforms\" data-id=\"dca43fe\" data-element_type=\"widget\" data-widget_type=\"wpforms.default\">\n\t\t\t\t<div class=\"elementor-widget-container\">\n\t\t\t\t\t<style id=\"wpforms-css-vars-elementor-widget-dca43fe\">\n\t\t\t\t.elementor-widget-wpforms.elementor-element-dca43fe {\n\t\t\t\t--wpforms-field-border-color: #F08A00;\n--wpforms-field-border-color-spare: #F08A00;\n--wpforms-field-text-color: #F08A00;\n--wpforms-label-color: #F08A00;\n--wpforms-label-sublabel-color: #F08A00;\n--wpforms-label-error-color: #F08A00;\n--wpforms-button-background-color: #006272;\n--wpforms-button-text-color: #F08A00;\n\t\t\t}\n\t\t\t<\/style><div class=\"wpforms-container wpforms-container-full wpforms-render-modern\" id=\"wpforms-1628\"><form id=\"wpforms-form-1628\" class=\"wpforms-validate wpforms-form wpforms-ajax-form\" data-formid=\"1628\" method=\"post\" enctype=\"multipart\/form-data\" action=\"\/es\/wp-json\/wp\/v2\/pages\/63\" data-token=\"b9998f485694074f70d4b996c2a60281\" data-token-time=\"1775407005\" data-trp-original-action=\"\/es\/wp-json\/wp\/v2\/pages\/63\"><noscript class=\"wpforms-error-noscript\">Por favor, activa JavaScript en tu navegador para completar este formulario.<\/noscript><div id=\"wpforms-error-noscript\" style=\"display: none;\">Por favor, activa JavaScript en tu navegador para completar este formulario.<\/div><div class=\"wpforms-field-container\"><div id=\"wpforms-1628-field_1-container\" class=\"wpforms-field wpforms-field-name\" data-field-id=\"1\"><fieldset><legend class=\"wpforms-field-label\">Nombre <span class=\"wpforms-required-label\" aria-hidden=\"true\">*<\/span><\/legend><div class=\"wpforms-field-row wpforms-field-medium\"><div class=\"wpforms-field-row-block wpforms-first wpforms-one-half\"><input type=\"text\" id=\"wpforms-1628-field_1\" class=\"wpforms-field-name-first wpforms-field-required\" name=\"wpforms[fields][1][first]\" aria-errormessage=\"wpforms-1628-field_1-error\" required><label for=\"wpforms-1628-field_1\" class=\"wpforms-field-sublabel after\">Nombre<\/label><\/div><div class=\"wpforms-field-row-block wpforms-one-half\"><input type=\"text\" id=\"wpforms-1628-field_1-last\" class=\"wpforms-field-name-last wpforms-field-required\" name=\"wpforms[fields][1][last]\" aria-errormessage=\"wpforms-1628-field_1-last-error\" required><label for=\"wpforms-1628-field_1-last\" class=\"wpforms-field-sublabel after\">Apellidos<\/label><\/div><\/div><\/fieldset><\/div><div id=\"wpforms-1628-field_5-container\" class=\"wpforms-field wpforms-field-select wpforms-field-select-style-classic\" data-field-id=\"5\"><label class=\"wpforms-field-label\" for=\"wpforms-1628-field_5\">Asunto <span class=\"wpforms-required-label\" aria-hidden=\"true\">*<\/span><\/label><select id=\"wpforms-1628-field_5\" class=\"wpforms-field-medium wpforms-field-required\" name=\"wpforms[fields][5]\" required=\"required\"><option value=\"General Enquiries\"  class=\"choice-1 depth-1\"  >Consultas generales<\/option><option value=\"Teaching Enquiries\"  class=\"choice-2 depth-1\"  >Consultas sobre ense\u00f1anza<\/option><option value=\"Translation Enquiries\"  class=\"choice-3 depth-1\"  >Consultas sobre traducci\u00f3n<\/option><\/select><div id=\"wpforms-1628-field_5-description\" class=\"wpforms-field-description\">Elija una opci\u00f3n<\/div><\/div><div id=\"wpforms-1628-field_2-container\" class=\"wpforms-field wpforms-field-email\" data-field-id=\"2\"><label class=\"wpforms-field-label\" for=\"wpforms-1628-field_2\">Email <span class=\"wpforms-required-label\" aria-hidden=\"true\">*<\/span><\/label><input type=\"email\" id=\"wpforms-1628-field_2\" class=\"wpforms-field-medium wpforms-field-required\" name=\"wpforms[fields][2]\" spellcheck=\"false\" aria-errormessage=\"wpforms-1628-field_2-error\" required><\/div>\t\t<div id=\"wpforms-1628-field_4-container\"\n\t\t\tclass=\"wpforms-field wpforms-field-text\"\n\t\t\tdata-field-type=\"text\"\n\t\t\tdata-field-id=\"4\"\n\t\t\t>\n\t\t\t<label class=\"wpforms-field-label\" for=\"wpforms-1628-field_4\" >Email Query Message<\/label>\n\t\t\t<input type=\"text\" id=\"wpforms-1628-field_4\" class=\"wpforms-field-medium\" name=\"wpforms[fields][4]\" >\n\t\t<\/div>\n\t\t<div id=\"wpforms-1628-field_3-container\" class=\"wpforms-field wpforms-field-textarea\" data-field-id=\"3\"><label class=\"wpforms-field-label\" for=\"wpforms-1628-field_3\">Mensaje<\/label><textarea id=\"wpforms-1628-field_3\" class=\"wpforms-field-medium\" name=\"wpforms[fields][3]\" aria-errormessage=\"wpforms-1628-field_3-error\" ><\/textarea><\/div><script>\n\t\t\t\t( function() {\n\t\t\t\t\tconst style = document.createElement( 'style' );\n\t\t\t\t\tstyle.appendChild( document.createTextNode( '#wpforms-1628-field_4-container { position: absolute !important; overflow: hidden !important; display: inline !important; height: 1px !important; width: 1px !important; z-index: -1000 !important; padding: 0 !important; } #wpforms-1628-field_4-container input { visibility: hidden; } #wpforms-conversational-form-page #wpforms-1628-field_4-container label { counter-increment: none; }' ) );\n\t\t\t\t\tdocument.head.appendChild( style );\n\t\t\t\t\tdocument.currentScript?.remove();\n\t\t\t\t} )();\n\t\t\t<\/script><\/div><!-- .wpforms-field-container --><div class=\"wpforms-submit-container\" ><input type=\"hidden\" name=\"wpforms[id]\" value=\"1628\"><input type=\"hidden\" name=\"page_title\" value=\"\"><input type=\"hidden\" name=\"page_url\" value=\"https:\/\/www.gracecommunication.es\/es\/wp-json\/wp\/v2\/pages\/63\"><input type=\"hidden\" name=\"url_referer\" value=\"\"><button type=\"submit\" name=\"wpforms[submit]\" id=\"wpforms-submit-1628\" class=\"wpforms-submit\" data-alt-text=\"Sending...\" data-submit-text=\"Send\" aria-live=\"assertive\" value=\"wpforms-submit\">Enviar<\/button><img decoding=\"async\" src=\"https:\/\/www.gracecommunication.es\/wp-content\/plugins\/wpforms-lite\/assets\/images\/submit-spin.svg\" class=\"wpforms-submit-spinner\" style=\"display: none;\" width=\"26\" height=\"26\" alt=\"Cargando\"><\/div><input type=\"hidden\" name=\"trp-form-language\" value=\"es\"\/><\/form><\/div>  <!-- .wpforms-container -->\t\t\t\t<\/div>\n\t\t\t\t<\/div>\n\t\t\t\t\t<\/div>\n\t\t<\/div>\n\t\t\t\t\t<\/div>\n\t\t<\/section>\n\t\t\t\t<section class=\"elementor-section elementor-top-section elementor-element elementor-element-019bfd6 elementor-section-boxed elementor-section-height-default elementor-section-height-default\" data-id=\"019bfd6\" data-element_type=\"section\">\n\t\t\t\t\t\t<div class=\"elementor-container elementor-column-gap-default\">\n\t\t\t\t\t<div class=\"elementor-column elementor-col-100 elementor-top-column elementor-element elementor-element-526a175\" data-id=\"526a175\" data-element_type=\"column\">\n\t\t\t<div class=\"elementor-widget-wrap elementor-element-populated\">\n\t\t\t\t\t\t<div class=\"elementor-element elementor-element-214460e elementor-icon-list--layout-traditional elementor-list-item-link-full_width elementor-widget elementor-widget-icon-list\" data-id=\"214460e\" data-element_type=\"widget\" data-widget_type=\"icon-list.default\">\n\t\t\t\t<div class=\"elementor-widget-container\">\n\t\t\t\t\t\t\t<ul class=\"elementor-icon-list-items\">\n\t\t\t\t\t\t\t<li class=\"elementor-icon-list-item\">\n\t\t\t\t\t\t\t\t\t\t\t<span class=\"elementor-icon-list-icon\">\n\t\t\t\t\t\t\t<i aria-hidden=\"true\" class=\"fas fa-at\"><\/i>\t\t\t\t\t\t<\/span>\n\t\t\t\t\t\t\t\t\t\t<span class=\"elementor-icon-list-text\">hola@gracecommunication.es<\/span>\n\t\t\t\t\t\t\t\t\t<\/li>\n\t\t\t\t\t\t\t\t<li class=\"elementor-icon-list-item\">\n\t\t\t\t\t\t\t\t\t\t\t<span class=\"elementor-icon-list-icon\">\n\t\t\t\t\t\t\t<i aria-hidden=\"true\" class=\"fas fa-location-arrow\"><\/i>\t\t\t\t\t\t<\/span>\n\t\t\t\t\t\t\t\t\t\t<span class=\"elementor-icon-list-text\">Barcelona, Spain<\/span>\n\t\t\t\t\t\t\t\t\t<\/li>\n\t\t\t\t\t\t\t\t<li class=\"elementor-icon-list-item\">\n\t\t\t\t\t\t\t\t\t\t\t<a href=\"https:\/\/www.instagram.com\/gracecommunication\/\">\n\n\t\t\t\t\t\t\t\t\t\t\t\t<span class=\"elementor-icon-list-icon\">\n\t\t\t\t\t\t\t<i aria-hidden=\"true\" class=\"fab fa-instagram\"><\/i>\t\t\t\t\t\t<\/span>\n\t\t\t\t\t\t\t\t\t\t<span class=\"elementor-icon-list-text\">Grace Communication<\/span>\n\t\t\t\t\t\t\t\t\t\t\t<\/a>\n\t\t\t\t\t\t\t\t\t<\/li>\n\t\t\t\t\t\t<\/ul>\n\t\t\t\t\t\t<\/div>\n\t\t\t\t<\/div>\n\t\t\t\t<div class=\"elementor-element elementor-element-ddf51ef elementor-widget elementor-widget-google_maps\" data-id=\"ddf51ef\" data-element_type=\"widget\" data-widget_type=\"google_maps.default\">\n\t\t\t\t<div class=\"elementor-widget-container\">\n\t\t\t\t\t\t\t<div class=\"elementor-custom-embed\">\n\t\t\t<iframe loading=\"lazy\"\n\t\t\t\t\tsrc=\"https:\/\/maps.google.com\/maps?q=Barcelona&#038;t=m&#038;z=13&#038;output=embed&#038;iwloc=near\"\n\t\t\t\t\ttitle=\"Barcelona\"\n\t\t\t\t\taria-label=\"Barcelona\"\n\t\t\t><\/iframe>\n\t\t<\/div>\n\t\t\t\t\t\t<\/div>\n\t\t\t\t<\/div>\n\t\t\t\t\t<\/div>\n\t\t<\/div>\n\t\t\t\t\t<\/div>\n\t\t<\/section>\n\t\t\t\t<section class=\"elementor-section elementor-top-section elementor-element elementor-element-2339db1 elementor-section-boxed elementor-section-height-default elementor-section-height-default\" data-id=\"2339db1\" data-element_type=\"section\">\n\t\t\t\t\t\t<div class=\"elementor-container elementor-column-gap-default\">\n\t\t\t\t\t<div class=\"elementor-column elementor-col-100 elementor-top-column elementor-element elementor-element-9f217dd\" data-id=\"9f217dd\" data-element_type=\"column\">\n\t\t\t<div class=\"elementor-widget-wrap\">\n\t\t\t\t\t\t\t<\/div>\n\t\t<\/div>\n\t\t\t\t\t<\/div>\n\t\t<\/section>\n\t\t\t\t<section class=\"elementor-section elementor-top-section elementor-element elementor-element-17fb16a elementor-section-boxed elementor-section-height-default elementor-section-height-default\" data-id=\"17fb16a\" data-element_type=\"section\">\n\t\t\t\t\t\t<div class=\"elementor-container elementor-column-gap-default\">\n\t\t\t\t\t<div class=\"elementor-column elementor-col-100 elementor-top-column elementor-element elementor-element-f3d4082\" data-id=\"f3d4082\" data-element_type=\"column\">\n\t\t\t<div class=\"elementor-widget-wrap\">\n\t\t\t\t\t\t\t<\/div>\n\t\t<\/div>\n\t\t\t\t\t<\/div>\n\t\t<\/section>\n\t\t\t\t<\/div>","protected":false},"excerpt":{"rendered":"<p>If you&#8217;d like more information regarding my teaching and translation services, please fill out the form below. Please enable JavaScript in your [&hellip;]<\/p>","protected":false},"author":1,"featured_media":0,"parent":0,"menu_order":0,"comment_status":"closed","ping_status":"closed","template":"","meta":{"_monsterinsights_skip_tracking":false,"_monsterinsights_sitenote_active":false,"_monsterinsights_sitenote_note":"","_monsterinsights_sitenote_category":0,"footnotes":""},"class_list":["post-63","page","type-page","status-publish","hentry"],"yoast_head":"<!-- This site is optimized with the Yoast SEO plugin v26.4 - https:\/\/yoast.com\/wordpress\/plugins\/seo\/ -->\n<title>Contact | Grace Communication<\/title>\n<meta name=\"description\" content=\"Grace Communication Contact Detials. Please contact me for any Spanish-English gastronomy or wine translation queries.\" \/>\n<meta name=\"robots\" content=\"index, follow, max-snippet:-1, max-image-preview:large, max-video-preview:-1\" \/>\n<link rel=\"canonical\" href=\"https:\/\/www.gracecommunication.es\/es\/contact\/\" \/>\n<meta property=\"og:locale\" content=\"es_ES\" \/>\n<meta property=\"og:type\" content=\"article\" \/>\n<meta property=\"og:title\" content=\"Contact | Grace Communication\" \/>\n<meta property=\"og:description\" content=\"Grace Communication Contact Detials. Please contact me for any Spanish-English gastronomy or wine translation queries.\" \/>\n<meta property=\"og:url\" content=\"https:\/\/www.gracecommunication.es\/es\/contact\/\" \/>\n<meta property=\"og:site_name\" content=\"Grace Communication\" \/>\n<meta property=\"article:modified_time\" content=\"2025-10-09T12:06:50+00:00\" \/>\n<meta property=\"og:image\" content=\"https:\/\/www.gracecommunication.es\/wp-content\/plugins\/wpforms-lite\/assets\/images\/submit-spin.svg\" \/>\n<meta name=\"twitter:card\" content=\"summary_large_image\" \/>\n<meta name=\"twitter:label1\" content=\"Tiempo de lectura\" \/>\n\t<meta name=\"twitter:data1\" content=\"1 minuto\" \/>\n<script type=\"application\/ld+json\" class=\"yoast-schema-graph\">{\"@context\":\"https:\/\/schema.org\",\"@graph\":[{\"@type\":\"WebPage\",\"@id\":\"https:\/\/www.gracecommunication.es\/contact\/\",\"url\":\"https:\/\/www.gracecommunication.es\/contact\/\",\"name\":\"Contact | Grace Communication\",\"isPartOf\":{\"@id\":\"https:\/\/www.gracecommunication.es\/#website\"},\"primaryImageOfPage\":{\"@id\":\"https:\/\/www.gracecommunication.es\/contact\/#primaryimage\"},\"image\":{\"@id\":\"https:\/\/www.gracecommunication.es\/contact\/#primaryimage\"},\"thumbnailUrl\":\"https:\/\/www.gracecommunication.es\/wp-content\/plugins\/wpforms-lite\/assets\/images\/submit-spin.svg\",\"datePublished\":\"2020-08-30T14:09:58+00:00\",\"dateModified\":\"2025-10-09T12:06:50+00:00\",\"description\":\"Grace Communication Contact Detials. Please contact me for any Spanish-English gastronomy or wine translation queries.\",\"breadcrumb\":{\"@id\":\"https:\/\/www.gracecommunication.es\/contact\/#breadcrumb\"},\"inLanguage\":\"es\",\"potentialAction\":[{\"@type\":\"ReadAction\",\"target\":[\"https:\/\/www.gracecommunication.es\/contact\/\"]}]},{\"@type\":\"ImageObject\",\"inLanguage\":\"es\",\"@id\":\"https:\/\/www.gracecommunication.es\/contact\/#primaryimage\",\"url\":\"https:\/\/www.gracecommunication.es\/wp-content\/plugins\/wpforms-lite\/assets\/images\/submit-spin.svg\",\"contentUrl\":\"https:\/\/www.gracecommunication.es\/wp-content\/plugins\/wpforms-lite\/assets\/images\/submit-spin.svg\"},{\"@type\":\"BreadcrumbList\",\"@id\":\"https:\/\/www.gracecommunication.es\/contact\/#breadcrumb\",\"itemListElement\":[{\"@type\":\"ListItem\",\"position\":1,\"name\":\"Home\",\"item\":\"https:\/\/www.gracecommunication.es\/\"},{\"@type\":\"ListItem\",\"position\":2,\"name\":\"Contact\"}]},{\"@type\":\"WebSite\",\"@id\":\"https:\/\/www.gracecommunication.es\/#website\",\"url\":\"https:\/\/www.gracecommunication.es\/\",\"name\":\"Grace Communication\",\"description\":\"Freelance Spanish-English Translator and English Tutor\",\"publisher\":{\"@id\":\"https:\/\/www.gracecommunication.es\/#\/schema\/person\/8fddd2cf4c67173312903f31dadc7a0d\"},\"potentialAction\":[{\"@type\":\"SearchAction\",\"target\":{\"@type\":\"EntryPoint\",\"urlTemplate\":\"https:\/\/www.gracecommunication.es\/?s={search_term_string}\"},\"query-input\":{\"@type\":\"PropertyValueSpecification\",\"valueRequired\":true,\"valueName\":\"search_term_string\"}}],\"inLanguage\":\"es\"},{\"@type\":[\"Person\",\"Organization\"],\"@id\":\"https:\/\/www.gracecommunication.es\/#\/schema\/person\/8fddd2cf4c67173312903f31dadc7a0d\",\"name\":\"Grace Duckworth\",\"image\":{\"@type\":\"ImageObject\",\"inLanguage\":\"es\",\"@id\":\"https:\/\/www.gracecommunication.es\/#\/schema\/person\/image\/\",\"url\":\"https:\/\/www.gracecommunication.es\/wp-content\/uploads\/2020\/08\/cropped-Icon-WP.jpg\",\"contentUrl\":\"https:\/\/www.gracecommunication.es\/wp-content\/uploads\/2020\/08\/cropped-Icon-WP.jpg\",\"width\":512,\"height\":512,\"caption\":\"Grace Duckworth\"},\"logo\":{\"@id\":\"https:\/\/www.gracecommunication.es\/#\/schema\/person\/image\/\"},\"sameAs\":[\"http:\/\/www.gracecommunication.es\"]}]}<\/script>\n<!-- \/ Yoast SEO plugin. -->","yoast_head_json":{"title":"Contact | Grace Communication","description":"Grace Communication Contact Detials. Please contact me for any Spanish-English gastronomy or wine translation queries.","robots":{"index":"index","follow":"follow","max-snippet":"max-snippet:-1","max-image-preview":"max-image-preview:large","max-video-preview":"max-video-preview:-1"},"canonical":"https:\/\/www.gracecommunication.es\/es\/contact\/","og_locale":"es_ES","og_type":"article","og_title":"Contact | Grace Communication","og_description":"Grace Communication Contact Detials. Please contact me for any Spanish-English gastronomy or wine translation queries.","og_url":"https:\/\/www.gracecommunication.es\/es\/contact\/","og_site_name":"Grace Communication","article_modified_time":"2025-10-09T12:06:50+00:00","og_image":[{"url":"https:\/\/www.gracecommunication.es\/wp-content\/plugins\/wpforms-lite\/assets\/images\/submit-spin.svg","type":"","width":"","height":""}],"twitter_card":"summary_large_image","twitter_misc":{"Tiempo de lectura":"1 minuto"},"schema":{"@context":"https:\/\/schema.org","@graph":[{"@type":"WebPage","@id":"https:\/\/www.gracecommunication.es\/contact\/","url":"https:\/\/www.gracecommunication.es\/contact\/","name":"Contact | Grace Communication","isPartOf":{"@id":"https:\/\/www.gracecommunication.es\/#website"},"primaryImageOfPage":{"@id":"https:\/\/www.gracecommunication.es\/contact\/#primaryimage"},"image":{"@id":"https:\/\/www.gracecommunication.es\/contact\/#primaryimage"},"thumbnailUrl":"https:\/\/www.gracecommunication.es\/wp-content\/plugins\/wpforms-lite\/assets\/images\/submit-spin.svg","datePublished":"2020-08-30T14:09:58+00:00","dateModified":"2025-10-09T12:06:50+00:00","description":"Grace Communication Contact Detials. Please contact me for any Spanish-English gastronomy or wine translation queries.","breadcrumb":{"@id":"https:\/\/www.gracecommunication.es\/contact\/#breadcrumb"},"inLanguage":"es","potentialAction":[{"@type":"ReadAction","target":["https:\/\/www.gracecommunication.es\/contact\/"]}]},{"@type":"ImageObject","inLanguage":"es","@id":"https:\/\/www.gracecommunication.es\/contact\/#primaryimage","url":"https:\/\/www.gracecommunication.es\/wp-content\/plugins\/wpforms-lite\/assets\/images\/submit-spin.svg","contentUrl":"https:\/\/www.gracecommunication.es\/wp-content\/plugins\/wpforms-lite\/assets\/images\/submit-spin.svg"},{"@type":"BreadcrumbList","@id":"https:\/\/www.gracecommunication.es\/contact\/#breadcrumb","itemListElement":[{"@type":"ListItem","position":1,"name":"Home","item":"https:\/\/www.gracecommunication.es\/"},{"@type":"ListItem","position":2,"name":"Contact"}]},{"@type":"WebSite","@id":"https:\/\/www.gracecommunication.es\/#website","url":"https:\/\/www.gracecommunication.es\/","name":"Grace Communication","description":"Freelance Spanish-English Translator and English Tutor","publisher":{"@id":"https:\/\/www.gracecommunication.es\/#\/schema\/person\/8fddd2cf4c67173312903f31dadc7a0d"},"potentialAction":[{"@type":"SearchAction","target":{"@type":"EntryPoint","urlTemplate":"https:\/\/www.gracecommunication.es\/?s={search_term_string}"},"query-input":{"@type":"PropertyValueSpecification","valueRequired":true,"valueName":"search_term_string"}}],"inLanguage":"es"},{"@type":["Person","Organization"],"@id":"https:\/\/www.gracecommunication.es\/#\/schema\/person\/8fddd2cf4c67173312903f31dadc7a0d","name":"Grace Duckworth","image":{"@type":"ImageObject","inLanguage":"es","@id":"https:\/\/www.gracecommunication.es\/#\/schema\/person\/image\/","url":"https:\/\/www.gracecommunication.es\/wp-content\/uploads\/2020\/08\/cropped-Icon-WP.jpg","contentUrl":"https:\/\/www.gracecommunication.es\/wp-content\/uploads\/2020\/08\/cropped-Icon-WP.jpg","width":512,"height":512,"caption":"Grace Duckworth"},"logo":{"@id":"https:\/\/www.gracecommunication.es\/#\/schema\/person\/image\/"},"sameAs":["http:\/\/www.gracecommunication.es"]}]}},"_links":{"self":[{"href":"https:\/\/www.gracecommunication.es\/es\/wp-json\/wp\/v2\/pages\/63","targetHints":{"allow":["GET"]}}],"collection":[{"href":"https:\/\/www.gracecommunication.es\/es\/wp-json\/wp\/v2\/pages"}],"about":[{"href":"https:\/\/www.gracecommunication.es\/es\/wp-json\/wp\/v2\/types\/page"}],"author":[{"embeddable":true,"href":"https:\/\/www.gracecommunication.es\/es\/wp-json\/wp\/v2\/users\/1"}],"replies":[{"embeddable":true,"href":"https:\/\/www.gracecommunication.es\/es\/wp-json\/wp\/v2\/comments?post=63"}],"version-history":[{"count":140,"href":"https:\/\/www.gracecommunication.es\/es\/wp-json\/wp\/v2\/pages\/63\/revisions"}],"predecessor-version":[{"id":1989,"href":"https:\/\/www.gracecommunication.es\/es\/wp-json\/wp\/v2\/pages\/63\/revisions\/1989"}],"wp:attachment":[{"href":"https:\/\/www.gracecommunication.es\/es\/wp-json\/wp\/v2\/media?parent=63"}],"curies":[{"name":"wp","href":"https:\/\/api.w.org\/{rel}","templated":true}]}}