{"id":1103,"date":"2023-03-01T14:18:37","date_gmt":"2023-03-01T13:18:37","guid":{"rendered":"https:\/\/www.gracecommunication.es\/portfolio-2\/"},"modified":"2025-12-10T13:00:00","modified_gmt":"2025-12-10T12:00:00","slug":"portfolio-2","status":"publish","type":"page","link":"https:\/\/www.gracecommunication.es\/es\/portfolio-2\/","title":{"rendered":"Portfolio"},"content":{"rendered":"<div data-elementor-type=\"wp-page\" data-elementor-id=\"1103\" class=\"elementor elementor-1103\">\n\t\t\t\t\t\t<section class=\"elementor-section elementor-top-section elementor-element elementor-element-2f1ae0f elementor-section-boxed elementor-section-height-default elementor-section-height-default\" data-id=\"2f1ae0f\" data-element_type=\"section\">\n\t\t\t\t\t\t<div class=\"elementor-container elementor-column-gap-default\">\n\t\t\t\t\t<div class=\"elementor-column elementor-col-100 elementor-top-column elementor-element elementor-element-75fb8da\" data-id=\"75fb8da\" data-element_type=\"column\">\n\t\t\t<div class=\"elementor-widget-wrap elementor-element-populated\">\n\t\t\t\t\t\t<div class=\"elementor-element elementor-element-41fc338 elementor-widget elementor-widget-text-editor\" data-id=\"41fc338\" data-element_type=\"widget\" data-widget_type=\"text-editor.default\">\n\t\t\t\t<div class=\"elementor-widget-container\">\n\t\t\t\t\t\t\t\t\t<p>Mi portafolio de traducci\u00f3n gastron\u00f3mica incluye traducciones de men\u00fas, especialidades regionales y contenidos culinarios de Espa\u00f1a, incluyendo platos de La Rioja.<\/p><p><a href=\"https:\/\/www.gracecommunication.es\/wp-content\/uploads\/2025\/12\/Grace-Communication-Culinary-Translation-Portfolio-1.pdf\" class=\"pdfemb-viewer\" style=\"\" data-width=\"max\" data-height=\"max\" data-toolbar=\"bottom\" data-toolbar-fixed=\"off\">Grace-Communication-Culinary-Translation-Portfolio-1<\/a><\/p>\t\t\t\t\t\t\t\t<\/div>\n\t\t\t\t<\/div>\n\t\t\t\t\t<\/div>\n\t\t<\/div>\n\t\t\t\t\t<\/div>\n\t\t<\/section>\n\t\t\t\t<section class=\"elementor-section elementor-top-section elementor-element elementor-element-f90ce42 elementor-section-boxed elementor-section-height-default elementor-section-height-default\" data-id=\"f90ce42\" data-element_type=\"section\">\n\t\t\t\t\t\t<div class=\"elementor-container elementor-column-gap-default\">\n\t\t\t\t\t<div class=\"elementor-column elementor-col-100 elementor-top-column elementor-element elementor-element-52e54de\" data-id=\"52e54de\" data-element_type=\"column\">\n\t\t\t<div class=\"elementor-widget-wrap elementor-element-populated\">\n\t\t\t\t\t\t<div class=\"elementor-element elementor-element-a246067 elementor-widget elementor-widget-button\" data-id=\"a246067\" data-element_type=\"widget\" data-widget_type=\"button.default\">\n\t\t\t\t<div class=\"elementor-widget-container\">\n\t\t\t\t\t\t\t\t\t<div class=\"elementor-button-wrapper\">\n\t\t\t\t\t<a class=\"elementor-button elementor-button-link elementor-size-sm\" href=\"https:\/\/www.gracecommunication.es\/wp-content\/uploads\/2025\/12\/Grace-Communication-Culinary-Translation-Portfolio-1.pdf\">\n\t\t\t\t\t\t<span class=\"elementor-button-content-wrapper\">\n\t\t\t\t\t\t<span class=\"elementor-button-icon\">\n\t\t\t\t<i aria-hidden=\"true\" class=\"fas fa-utensil-spoon\"><\/i>\t\t\t<\/span>\n\t\t\t\t\t\t\t\t\t<span class=\"elementor-button-text\">Haz clic aqu\u00ed para descargar el portafolio gastron\u00f3mico<\/span>\n\t\t\t\t\t<\/span>\n\t\t\t\t\t<\/a>\n\t\t\t\t<\/div>\n\t\t\t\t\t\t\t\t<\/div>\n\t\t\t\t<\/div>\n\t\t\t\t\t<\/div>\n\t\t<\/div>\n\t\t\t\t\t<\/div>\n\t\t<\/section>\n\t\t\t\t<section class=\"elementor-section elementor-top-section elementor-element elementor-element-ab93790 elementor-section-boxed elementor-section-height-default elementor-section-height-default\" data-id=\"ab93790\" data-element_type=\"section\">\n\t\t\t\t\t\t<div class=\"elementor-container elementor-column-gap-default\">\n\t\t\t\t\t<div class=\"elementor-column elementor-col-100 elementor-top-column elementor-element elementor-element-84e7d8b\" data-id=\"84e7d8b\" data-element_type=\"column\">\n\t\t\t<div class=\"elementor-widget-wrap\">\n\t\t\t\t\t\t\t<\/div>\n\t\t<\/div>\n\t\t\t\t\t<\/div>\n\t\t<\/section>\n\t\t\t\t<section class=\"elementor-section elementor-top-section elementor-element elementor-element-484d0af elementor-section-boxed elementor-section-height-default elementor-section-height-default\" data-id=\"484d0af\" data-element_type=\"section\">\n\t\t\t\t\t\t<div class=\"elementor-container elementor-column-gap-default\">\n\t\t\t\t\t<div class=\"elementor-column elementor-col-100 elementor-top-column elementor-element elementor-element-1b53152\" data-id=\"1b53152\" data-element_type=\"column\">\n\t\t\t<div class=\"elementor-widget-wrap elementor-element-populated\">\n\t\t\t\t\t\t<div class=\"elementor-element elementor-element-c01150e elementor-widget elementor-widget-spacer\" data-id=\"c01150e\" data-element_type=\"widget\" data-widget_type=\"spacer.default\">\n\t\t\t\t<div class=\"elementor-widget-container\">\n\t\t\t\t\t\t\t<div class=\"elementor-spacer\">\n\t\t\t<div class=\"elementor-spacer-inner\"><\/div>\n\t\t<\/div>\n\t\t\t\t\t\t<\/div>\n\t\t\t\t<\/div>\n\t\t\t\t\t<\/div>\n\t\t<\/div>\n\t\t\t\t\t<\/div>\n\t\t<\/section>\n\t\t\t\t<section class=\"elementor-section elementor-top-section elementor-element elementor-element-76063e5 elementor-section-boxed elementor-section-height-default elementor-section-height-default\" data-id=\"76063e5\" data-element_type=\"section\">\n\t\t\t\t\t\t<div class=\"elementor-container elementor-column-gap-default\">\n\t\t\t\t\t<div class=\"elementor-column elementor-col-100 elementor-top-column elementor-element elementor-element-da4a46d\" data-id=\"da4a46d\" data-element_type=\"column\">\n\t\t\t<div class=\"elementor-widget-wrap elementor-element-populated\">\n\t\t\t\t\t\t<div class=\"elementor-element elementor-element-a710e12 elementor-widget elementor-widget-text-editor\" data-id=\"a710e12\" data-element_type=\"widget\" data-widget_type=\"text-editor.default\">\n\t\t\t\t<div class=\"elementor-widget-container\">\n\t\t\t\t\t\t\t\t\t<p>Mi portafolio de traducci\u00f3n de vinos incluye traducciones de etiquetas de vino, notas de cata, folletos de bodegas y documentos t\u00e9cnicos, destacando las mejores regiones vin\u00edcolas de Espa\u00f1a, incluyendo Rioja.<\/p><p><a href=\"https:\/\/www.gracecommunication.es\/wp-content\/uploads\/2025\/11\/Grace-Communication-Wine-Translation-Portfolio.pdf\" class=\"pdfemb-viewer\" style=\"\" data-width=\"max\" data-height=\"max\" data-toolbar=\"bottom\" data-toolbar-fixed=\"off\">Grace-Communication-Wine-Translation-Portfolio<\/a><\/p>\t\t\t\t\t\t\t\t<\/div>\n\t\t\t\t<\/div>\n\t\t\t\t\t<\/div>\n\t\t<\/div>\n\t\t\t\t\t<\/div>\n\t\t<\/section>\n\t\t\t\t<section class=\"elementor-section elementor-top-section elementor-element elementor-element-bdd2d73 elementor-section-boxed elementor-section-height-default elementor-section-height-default\" data-id=\"bdd2d73\" data-element_type=\"section\">\n\t\t\t\t\t\t<div class=\"elementor-container elementor-column-gap-default\">\n\t\t\t\t\t<div class=\"elementor-column elementor-col-100 elementor-top-column elementor-element elementor-element-e10141f\" data-id=\"e10141f\" data-element_type=\"column\">\n\t\t\t<div class=\"elementor-widget-wrap elementor-element-populated\">\n\t\t\t\t\t\t<div class=\"elementor-element elementor-element-e2dfe4f elementor-widget elementor-widget-button\" data-id=\"e2dfe4f\" data-element_type=\"widget\" data-widget_type=\"button.default\">\n\t\t\t\t<div class=\"elementor-widget-container\">\n\t\t\t\t\t\t\t\t\t<div class=\"elementor-button-wrapper\">\n\t\t\t\t\t<a class=\"elementor-button elementor-button-link elementor-size-sm\" href=\"https:\/\/www.gracecommunication.es\/wp-content\/uploads\/2025\/11\/Grace-Communication-Wine-Translation-Portfolio.pdf\">\n\t\t\t\t\t\t<span class=\"elementor-button-content-wrapper\">\n\t\t\t\t\t\t<span class=\"elementor-button-icon\">\n\t\t\t\t<i aria-hidden=\"true\" class=\"fas fa-wine-glass\"><\/i>\t\t\t<\/span>\n\t\t\t\t\t\t\t\t\t<span class=\"elementor-button-text\">Haz clic aqu\u00ed para descargar el portafolio de vinos<\/span>\n\t\t\t\t\t<\/span>\n\t\t\t\t\t<\/a>\n\t\t\t\t<\/div>\n\t\t\t\t\t\t\t\t<\/div>\n\t\t\t\t<\/div>\n\t\t\t\t\t<\/div>\n\t\t<\/div>\n\t\t\t\t\t<\/div>\n\t\t<\/section>\n\t\t\t\t<\/div>","protected":false},"excerpt":{"rendered":"<p>My culinary translation portfolio includes menu translations, regional specialties, and culinary content from Spain, including La Rioja dishes. Download culinary portfolio here [&hellip;]<\/p>","protected":false},"author":1,"featured_media":0,"parent":0,"menu_order":0,"comment_status":"closed","ping_status":"closed","template":"","meta":{"_monsterinsights_skip_tracking":false,"_monsterinsights_sitenote_active":false,"_monsterinsights_sitenote_note":"","_monsterinsights_sitenote_category":0,"footnotes":""},"class_list":["post-1103","page","type-page","status-publish","hentry"],"yoast_head":"<!-- This site is optimized with the Yoast SEO plugin v26.4 - https:\/\/yoast.com\/wordpress\/plugins\/seo\/ -->\n<title>Portfolio | Grace Communication<\/title>\n<meta name=\"description\" content=\"The projects I have been working on are showcased within my portfolio.\" \/>\n<meta name=\"robots\" content=\"index, follow, max-snippet:-1, max-image-preview:large, max-video-preview:-1\" \/>\n<link rel=\"canonical\" href=\"https:\/\/www.gracecommunication.es\/es\/portfolio-2\/\" \/>\n<meta property=\"og:locale\" content=\"es_ES\" \/>\n<meta property=\"og:type\" content=\"article\" \/>\n<meta property=\"og:title\" content=\"Portfolio | Grace Communication\" \/>\n<meta property=\"og:description\" content=\"The projects I have been working on are showcased within my portfolio.\" \/>\n<meta property=\"og:url\" content=\"https:\/\/www.gracecommunication.es\/es\/portfolio-2\/\" \/>\n<meta property=\"og:site_name\" content=\"Grace Communication\" \/>\n<meta property=\"article:modified_time\" content=\"2025-12-10T12:00:00+00:00\" \/>\n<meta name=\"twitter:card\" content=\"summary_large_image\" \/>\n<meta name=\"twitter:label1\" content=\"Tiempo de lectura\" \/>\n\t<meta name=\"twitter:data1\" content=\"1 minuto\" \/>\n<script type=\"application\/ld+json\" class=\"yoast-schema-graph\">{\"@context\":\"https:\/\/schema.org\",\"@graph\":[{\"@type\":\"WebPage\",\"@id\":\"https:\/\/www.gracecommunication.es\/portfolio-2\/\",\"url\":\"https:\/\/www.gracecommunication.es\/portfolio-2\/\",\"name\":\"Portfolio | Grace Communication\",\"isPartOf\":{\"@id\":\"https:\/\/www.gracecommunication.es\/#website\"},\"datePublished\":\"2023-03-01T13:18:37+00:00\",\"dateModified\":\"2025-12-10T12:00:00+00:00\",\"description\":\"The projects I have been working on are showcased within my portfolio.\",\"breadcrumb\":{\"@id\":\"https:\/\/www.gracecommunication.es\/portfolio-2\/#breadcrumb\"},\"inLanguage\":\"es\",\"potentialAction\":[{\"@type\":\"ReadAction\",\"target\":[\"https:\/\/www.gracecommunication.es\/portfolio-2\/\"]}]},{\"@type\":\"BreadcrumbList\",\"@id\":\"https:\/\/www.gracecommunication.es\/portfolio-2\/#breadcrumb\",\"itemListElement\":[{\"@type\":\"ListItem\",\"position\":1,\"name\":\"Home\",\"item\":\"https:\/\/www.gracecommunication.es\/\"},{\"@type\":\"ListItem\",\"position\":2,\"name\":\"Portfolio\"}]},{\"@type\":\"WebSite\",\"@id\":\"https:\/\/www.gracecommunication.es\/#website\",\"url\":\"https:\/\/www.gracecommunication.es\/\",\"name\":\"Grace Communication\",\"description\":\"Freelance Spanish-English Translator and English Tutor\",\"publisher\":{\"@id\":\"https:\/\/www.gracecommunication.es\/#\/schema\/person\/8fddd2cf4c67173312903f31dadc7a0d\"},\"potentialAction\":[{\"@type\":\"SearchAction\",\"target\":{\"@type\":\"EntryPoint\",\"urlTemplate\":\"https:\/\/www.gracecommunication.es\/?s={search_term_string}\"},\"query-input\":{\"@type\":\"PropertyValueSpecification\",\"valueRequired\":true,\"valueName\":\"search_term_string\"}}],\"inLanguage\":\"es\"},{\"@type\":[\"Person\",\"Organization\"],\"@id\":\"https:\/\/www.gracecommunication.es\/#\/schema\/person\/8fddd2cf4c67173312903f31dadc7a0d\",\"name\":\"Grace Duckworth\",\"image\":{\"@type\":\"ImageObject\",\"inLanguage\":\"es\",\"@id\":\"https:\/\/www.gracecommunication.es\/#\/schema\/person\/image\/\",\"url\":\"https:\/\/www.gracecommunication.es\/wp-content\/uploads\/2020\/08\/cropped-Icon-WP.jpg\",\"contentUrl\":\"https:\/\/www.gracecommunication.es\/wp-content\/uploads\/2020\/08\/cropped-Icon-WP.jpg\",\"width\":512,\"height\":512,\"caption\":\"Grace Duckworth\"},\"logo\":{\"@id\":\"https:\/\/www.gracecommunication.es\/#\/schema\/person\/image\/\"},\"sameAs\":[\"http:\/\/www.gracecommunication.es\"]}]}<\/script>\n<!-- \/ Yoast SEO plugin. -->","yoast_head_json":{"title":"Portfolio | Grace Communication","description":"The projects I have been working on are showcased within my portfolio.","robots":{"index":"index","follow":"follow","max-snippet":"max-snippet:-1","max-image-preview":"max-image-preview:large","max-video-preview":"max-video-preview:-1"},"canonical":"https:\/\/www.gracecommunication.es\/es\/portfolio-2\/","og_locale":"es_ES","og_type":"article","og_title":"Portfolio | Grace Communication","og_description":"The projects I have been working on are showcased within my portfolio.","og_url":"https:\/\/www.gracecommunication.es\/es\/portfolio-2\/","og_site_name":"Grace Communication","article_modified_time":"2025-12-10T12:00:00+00:00","twitter_card":"summary_large_image","twitter_misc":{"Tiempo de lectura":"1 minuto"},"schema":{"@context":"https:\/\/schema.org","@graph":[{"@type":"WebPage","@id":"https:\/\/www.gracecommunication.es\/portfolio-2\/","url":"https:\/\/www.gracecommunication.es\/portfolio-2\/","name":"Portfolio | Grace Communication","isPartOf":{"@id":"https:\/\/www.gracecommunication.es\/#website"},"datePublished":"2023-03-01T13:18:37+00:00","dateModified":"2025-12-10T12:00:00+00:00","description":"The projects I have been working on are showcased within my portfolio.","breadcrumb":{"@id":"https:\/\/www.gracecommunication.es\/portfolio-2\/#breadcrumb"},"inLanguage":"es","potentialAction":[{"@type":"ReadAction","target":["https:\/\/www.gracecommunication.es\/portfolio-2\/"]}]},{"@type":"BreadcrumbList","@id":"https:\/\/www.gracecommunication.es\/portfolio-2\/#breadcrumb","itemListElement":[{"@type":"ListItem","position":1,"name":"Home","item":"https:\/\/www.gracecommunication.es\/"},{"@type":"ListItem","position":2,"name":"Portfolio"}]},{"@type":"WebSite","@id":"https:\/\/www.gracecommunication.es\/#website","url":"https:\/\/www.gracecommunication.es\/","name":"Grace Communication","description":"Freelance Spanish-English Translator and English Tutor","publisher":{"@id":"https:\/\/www.gracecommunication.es\/#\/schema\/person\/8fddd2cf4c67173312903f31dadc7a0d"},"potentialAction":[{"@type":"SearchAction","target":{"@type":"EntryPoint","urlTemplate":"https:\/\/www.gracecommunication.es\/?s={search_term_string}"},"query-input":{"@type":"PropertyValueSpecification","valueRequired":true,"valueName":"search_term_string"}}],"inLanguage":"es"},{"@type":["Person","Organization"],"@id":"https:\/\/www.gracecommunication.es\/#\/schema\/person\/8fddd2cf4c67173312903f31dadc7a0d","name":"Grace Duckworth","image":{"@type":"ImageObject","inLanguage":"es","@id":"https:\/\/www.gracecommunication.es\/#\/schema\/person\/image\/","url":"https:\/\/www.gracecommunication.es\/wp-content\/uploads\/2020\/08\/cropped-Icon-WP.jpg","contentUrl":"https:\/\/www.gracecommunication.es\/wp-content\/uploads\/2020\/08\/cropped-Icon-WP.jpg","width":512,"height":512,"caption":"Grace Duckworth"},"logo":{"@id":"https:\/\/www.gracecommunication.es\/#\/schema\/person\/image\/"},"sameAs":["http:\/\/www.gracecommunication.es"]}]}},"_links":{"self":[{"href":"https:\/\/www.gracecommunication.es\/es\/wp-json\/wp\/v2\/pages\/1103","targetHints":{"allow":["GET"]}}],"collection":[{"href":"https:\/\/www.gracecommunication.es\/es\/wp-json\/wp\/v2\/pages"}],"about":[{"href":"https:\/\/www.gracecommunication.es\/es\/wp-json\/wp\/v2\/types\/page"}],"author":[{"embeddable":true,"href":"https:\/\/www.gracecommunication.es\/es\/wp-json\/wp\/v2\/users\/1"}],"replies":[{"embeddable":true,"href":"https:\/\/www.gracecommunication.es\/es\/wp-json\/wp\/v2\/comments?post=1103"}],"version-history":[{"count":177,"href":"https:\/\/www.gracecommunication.es\/es\/wp-json\/wp\/v2\/pages\/1103\/revisions"}],"predecessor-version":[{"id":2258,"href":"https:\/\/www.gracecommunication.es\/es\/wp-json\/wp\/v2\/pages\/1103\/revisions\/2258"}],"wp:attachment":[{"href":"https:\/\/www.gracecommunication.es\/es\/wp-json\/wp\/v2\/media?parent=1103"}],"curies":[{"name":"wp","href":"https:\/\/api.w.org\/{rel}","templated":true}]}}